{"id":1111,"date":"2024-02-21T15:36:57","date_gmt":"2024-02-21T14:36:57","guid":{"rendered":"https:\/\/essencemassage.fidiaspro.com\/?page_id=1111"},"modified":"2024-02-21T15:36:58","modified_gmt":"2024-02-21T14:36:58","slug":"politica-de-cookies","status":"publish","type":"page","link":"https:\/\/essencemassage.es\/de\/politica-de-cookies\/","title":{"rendered":"Cookies-Politik"},"content":{"rendered":"<p>Diese Website verwendet Cookies von Dritten und eigene Cookies, um Ihnen ein besseres Surferlebnis zu bieten, um Inhalte in sozialen Netzwerken zu teilen und um uns zu erm\u00f6glichen, Benutzerstatistiken zu erstellen.<\/p>\n\n\n\n<p>Sie k\u00f6nnen das Herunterladen von Cookies \u00fcber Ihre Browser-Einstellungen verhindern, so dass keine Cookies auf Ihrem Ger\u00e4t gespeichert werden k\u00f6nnen.<\/p>\n\n\n\n<p>Als Eigent\u00fcmer dieser Website m\u00f6chte ich Sie dar\u00fcber informieren, dass wir keine pers\u00f6nlichen Daten aus Cookies verwenden, sondern nur allgemeine Besuchsstatistiken erstellen, die keine pers\u00f6nlichen Daten beinhalten.<\/p>\n\n\n\n<p>Es ist sehr wichtig, dass Sie diese Cookie-Richtlinie lesen und verstehen, dass wir davon ausgehen, dass Sie deren Verwendung akzeptieren, wenn Sie weiter surfen.<\/p>\n\n\n\n<p>Gem\u00e4\u00df den Bestimmungen des Artikels 22.2 des Gesetzes 34\/2002 \u00fcber die Dienste der Informationsgesellschaft und den elektronischen Handel erkl\u00e4ren Sie sich mit der Nutzung der oben genannten Mechanismen einverstanden, wenn Sie Ihren Besuch fortsetzen.<\/p>\n\n\n\n<h3 class=\"wp-block-heading\"><strong>VERANTWORTLICHE STELLE<\/strong><\/h3>\n\n\n\n<p>Verantwortlich f\u00fcr die Erhebung, Verarbeitung und Nutzung Ihrer personenbezogenen Daten im Sinne des Gesetzes zum Schutz personenbezogener Daten ist die Website&nbsp;<a><\/a><a href=\"https:\/\/essencemassage.es\/de\/\">https:\/\/www.essencemassage.es\/<\/a>im Besitz von&nbsp;<strong>Josefa S\u00e1nchez Tostado<\/strong>.<\/p>\n\n\n\n<h3 class=\"wp-block-heading\"><strong>WAS SIND COOKIES?<\/strong><\/h3>\n\n\n\n<p>Cookies sind eine Reihe von Daten, die ein Server im Browser des Benutzers hinterlegt, um Standard-Internetprotokolldaten und Informationen \u00fcber das Verhalten der Besucher einer Website zu sammeln. Mit anderen Worten, es handelt sich um kleine Textdateien, die auf der Festplatte des Computers gespeichert werden und dazu dienen, den Nutzer zu identifizieren, wenn er sich erneut mit der Website verbindet. Ihr Zweck ist es, den Besuch des Nutzers aufzuzeichnen und bestimmte Informationen zu speichern. Sie werden im Internet h\u00e4ufig verwendet, da sie eine effizientere Funktionsweise der Seiten und eine bessere Personalisierung und Analyse des Nutzerverhaltens erm\u00f6glichen.<\/p>\n\n\n\n<h3 class=\"wp-block-heading\"><strong>WELCHE ARTEN VON COOKIES GIBT ES?<\/strong><\/h3>\n\n\n\n<p>Bei den auf unserer Website verwendeten Cookies handelt es sich um Sitzungscookies und Cookies von Drittanbietern, die es uns erm\u00f6glichen, Informationen \u00fcber die Sprache, die Art des verwendeten Browsers und andere vom Benutzer vorgegebene allgemeine Merkmale zu speichern und abzurufen sowie die durchgef\u00fchrten Aktivit\u00e4ten zu \u00fcberwachen und zu analysieren, um Verbesserungen vorzunehmen und unsere Dienstleistungen effizienter und individueller zu gestalten.<\/p>\n\n\n\n<p>Cookies k\u00f6nnen je nach ihrer Dauer in Sitzungscookies und permanente Cookies unterteilt werden. Diejenigen, die ablaufen, wenn der Benutzer den Browser schlie\u00dft. Diejenigen, die ablaufen, je nachdem, wann der Zweck, f\u00fcr den sie verwendet werden, erf\u00fcllt ist (zum Beispiel, damit der Nutzer in den Diensten von&nbsp; <a href=\"https:\/\/essencemassage.es\/de\/\">https:\/\/www.essencemassage.es\/<\/a><strong> , <\/strong>oder wenn sie manuell gel\u00f6scht werden.<\/p>\n\n\n\n<figure class=\"wp-block-table\"><table><tbody><tr><td>Name<\/td><td>Typ<\/td><td>Verfall<\/td><td>Zweck<\/td><td>Klasse<\/td><\/tr><tr><td>__utma<\/td><td>Von Drittanbietern (Google Analytics)<\/td><td>2 Jahre<\/td><td>Dient zur Unterscheidung von Benutzern und Sitzungen.<\/td><td>Unbefristet<\/td><\/tr><tr><td>__utmb<\/td><td>Von Drittanbietern (Google Analytics)<\/td><td>30 Minuten<\/td><td>Dient zur Ermittlung neuer Sitzungen oder Besuche<\/td><td>Unbefristet<\/td><\/tr><tr><td>__utmc<\/td><td>Von Drittanbietern (Google Analytics)<\/td><td>Am Ende der Sitzung<\/td><td>F\u00fcr die Verwendung mit Urchin konfiguriert<\/td><td>Unbefristet<\/td><\/tr><tr><td>__utmz<\/td><td>Von Drittanbietern (Google Analytics)<\/td><td>6 Monate<\/td><td>Speichert die Herkunft oder die Kampagne, die erkl\u00e4rt, wie der Nutzer auf die Website gelangt ist<\/td><td>Unbefristet<\/td><\/tr><\/tbody><\/table><\/figure>\n\n\n\n<p>Dar\u00fcber hinaus k\u00f6nnen Cookies je nach ihrem Zweck wie folgt klassifiziert werden:<\/p>\n\n\n\n<p><strong>PERFORMANCE-COOKIES<\/strong><\/p>\n\n\n\n<p>Diese Art von Cookie speichert Ihre Pr\u00e4ferenzen f\u00fcr die Tools in den Diensten, so dass Sie den Dienst nicht jedes Mal neu konfigurieren m\u00fcssen, wenn Sie ihn besuchen. Zu dieser Art von Cookies geh\u00f6ren zum Beispiel: Lautst\u00e4rkeeinstellungen f\u00fcr Video- oder Soundplayer. Video-Streaming-Geschwindigkeiten, die mit Ihrem Browser kompatibel sind. Artikel, die im \"Einkaufswagen\" von E-Commerce-Diensten wie Shops gespeichert sind.<\/p>\n\n\n\n<p><strong>GEOLOKALISIERUNGS-COOKIES<\/strong><\/p>\n\n\n\n<p>Diese Cookies werden verwendet, um herauszufinden, in welchem Land Sie sich befinden, wenn Sie einen Dienst anfordern. Dieses Cookie ist v\u00f6llig anonym und wird nur dazu verwendet, Inhalte auf Ihren Standort abzustimmen.<\/p>\n\n\n\n<p><strong>REGISTRIERUNGS-COOKIES<\/strong><\/p>\n\n\n\n<p>Registrierungs-Cookies werden generiert, sobald der Nutzer sich registriert oder anschlie\u00dfend angemeldet hat, und werden verwendet, um Sie in den Diensten f\u00fcr die folgenden Zwecke zu identifizieren:<\/p>\n\n\n\n<p>Die Identifizierung des Nutzers wird beibehalten, so dass Sie, wenn Sie einen Dienst, den Browser oder den Computer schlie\u00dfen und zu einem anderen Zeitpunkt oder an einem anderen Tag erneut auf diesen Dienst zugreifen, weiterhin identifiziert werden und so Ihr Surfen erleichtern, ohne sich erneut identifizieren zu m\u00fcssen. Diese Funktion kann gel\u00f6scht werden, indem der Nutzer auf die Funktion [Sitzung schlie\u00dfen] klickt, so dass dieses Cookie gel\u00f6scht wird und der Nutzer sich beim n\u00e4chsten Besuch des Dienstes anmelden muss, um identifiziert zu werden.<\/p>\n\n\n\n<p>Pr\u00fcfen Sie, ob der Nutzer berechtigt ist, auf bestimmte Dienste zuzugreifen, z. B. um an einem Gewinnspiel teilzunehmen.<\/p>\n\n\n\n<p>Au\u00dferdem k\u00f6nnen einige Dienste Verbindungen zu sozialen Netzwerken wie Facebook oder Twitter nutzen. Wenn sich der Nutzer mit den Zugangsdaten eines sozialen Netzwerks bei einem Dienst anmeldet, erm\u00e4chtigt er das soziale Netzwerk, ein dauerhaftes Cookie zu speichern, das seine Identit\u00e4t speichert und den Zugang zu den Diensten gew\u00e4hrt, bis es abl\u00e4uft. Der Nutzer kann dieses Cookie l\u00f6schen und den Zugang zu den Diensten \u00fcber soziale Netzwerke widerrufen, indem er seine Einstellungen in dem jeweiligen sozialen Netzwerk aktualisiert.<\/p>\n\n\n\n<p><strong>ANALYSE-COOKIES<\/strong><\/p>\n\n\n\n<p>Jedes Mal, wenn ein Nutzer einen Dienst besucht, erzeugt ein Tool eines externen Anbieters ein analytisches Cookie auf dem Computer des Nutzers. Dieses Cookie, das nur w\u00e4hrend des Besuchs erzeugt wird, wird bei k\u00fcnftigen Besuchen der Dienste verwendet, um den Besucher anonym zu identifizieren. Die wichtigsten verfolgten Ziele sind:<\/p>\n\n\n\n<p>Erm\u00f6glicht die anonyme Identifizierung von Browsing-Benutzern durch das Cookie (identifiziert Browser und Ger\u00e4te, nicht Personen) und damit die ungef\u00e4hre Z\u00e4hlung der Anzahl der Besucher und deren Entwicklung im Laufe der Zeit.<br>Anonyme Identifizierung der am h\u00e4ufigsten besuchten und damit f\u00fcr die Nutzer attraktivsten Inhalte Wissen, ob der Nutzer, der zugreift, neu oder ein wiederholter Besucher ist.<\/p>\n\n\n\n<p><strong>Das ist wichtig:<\/strong>&nbsp;Solange der Nutzer sich nicht bei einem anderen Dienst registriert, kann er diesen Dienst nicht nutzen.<strong>die Website<\/strong>Das Cookie wird niemals mit pers\u00f6nlichen Daten verkn\u00fcpft, die Sie identifizieren k\u00f6nnten. Diese Cookies werden nur zu statistischen Zwecken verwendet, um die Nutzererfahrung auf der Website zu optimieren.<\/p>\n\n\n\n<p><strong>WERBE-COOKIES<\/strong><\/p>\n\n\n\n<p>Diese Art von Cookies erm\u00f6glicht es, die Informationen \u00fcber die Anzeigen zu erweitern, die jedem anonymen Nutzer in den Diensten von<strong>l Website<\/strong>. Unter anderem werden die Dauer oder H\u00e4ufigkeit des Betrachtens von Werbepositionen, die Interaktion mit ihnen oder das Browsing-Muster und\/oder das Nutzerverhalten gespeichert, da sie dazu beitragen, ein Profil des Werbeinteresses zu erstellen. Auf diese Weise erm\u00f6glichen sie es, Werbung anzubieten, die den Interessen des Nutzers entspricht.<\/p>\n\n\n\n<p><strong>WERBE-COOKIES VON DRITTANBIETERN<\/strong><\/p>\n\n\n\n<p>Zus\u00e4tzlich zu der von den de-Websites in ihren Diensten verwalteten Werbung bieten die de-Websites ihren Werbekunden die M\u00f6glichkeit, Werbung \u00fcber Dritte (\"Ad-Server\") zu schalten. Auf diese Weise k\u00f6nnen diese Dritten die von den Ad-Servern gesendeten Cookies von den Browsern der Nutzer speichern und auf die darin gespeicherten Daten zugreifen.<\/p>\n\n\n\n<p>Die Unternehmen, die diese Cookies erzeugen, haben ihre eigenen Datenschutzrichtlinien. Derzeit verwenden die Websites von Google die Doubleclick-Plattform (Google), um diese Dienste zu verwalten. Weitere Informationen finden Sie unter<\/p>\n\n\n\n<p><a href=\"http:\/\/www.google.es\/policies\/privacy\/ads\/#toc-doubleclick\">http:\/\/www.google.es\/policies\/privacy\/ads\/#toc-doubleclick<\/a><\/p>\n\n\n\n<p><a href=\"http:\/\/www.google.es\/policies\/privacy\/ads\/\">http:\/\/www.google.es\/policies\/privacy\/ads\/<\/a>.<\/p>\n\n\n\n<p><strong>WIE KANN ICH COOKIES IN MEINEM BROWSER DEAKTIVIEREN?<\/strong><\/p>\n\n\n\n<p>Die verschiedenen Browser k\u00f6nnen so konfiguriert werden, dass sie den Nutzer vor dem Empfang von Cookies warnen und, falls gew\u00fcnscht, deren Installation auf dem Computer verhindern. Ebenso kann der Nutzer in seinem Browser \u00fcberpr\u00fcfen, welche Cookies er installiert hat und deren Ablaufdatum, und sie l\u00f6schen.<\/p>\n\n\n\n<p>Weitere Informationen entnehmen Sie bitte den Anweisungen und Handb\u00fcchern Ihres Browsers:<\/p>\n\n\n\n<p>F\u00fcr weitere Informationen zur Verwaltung von Cookies in Google<\/p>\n\n\n\n<p><strong>Chrom<\/strong>:&nbsp;<a href=\"https:\/\/support.google.com\/chrome\/answer\/95647?hl=es\">https:\/\/support.google.com\/chrome\/answer\/95647?hl=es<\/a><\/p>\n\n\n\n<p>F\u00fcr weitere Informationen \u00fcber die Verwaltung von Cookies im Internet<\/p>\n\n\n\n<p><strong>Entdecker<\/strong>:&nbsp;<a href=\"http:\/\/windows.microsoft.com\/es-es\/windows-vista\/cookies-frequently-asked-questions\">http:\/\/windows.microsoft.com\/es-es\/windows-vista\/cookies-frequently-asked-questions<\/a><\/p>\n\n\n\n<p>F\u00fcr weitere Informationen zur Verwaltung von Cookies in Mozilla<\/p>\n\n\n\n<p><strong>Firefox<\/strong>:&nbsp;<a href=\"http:\/\/support.mozilla.org\/es\/kb\/habilitar-y-deshabilitar-cookies-que-los-sitios-we%20\">http:\/\/support.mozilla.org\/es\/kb\/habilitar-y-deshabilitar-cookies-que-los-sitios-we<\/a><\/p>\n\n\n\n<p>Weitere Informationen \u00fcber die Verwaltung von Cookies finden Sie unter<\/p>\n\n\n\n<p><strong>Safari<\/strong>:&nbsp;<a href=\"http:\/\/www.apple.com\/es\/privacy\/use-of-cookies\/%20\">http:\/\/www.apple.com\/es\/privacy\/use-of-cookies\/<\/a><\/p>\n\n\n\n<p>Weitere Informationen \u00fcber die Verwaltung von Cookies finden Sie unter<\/p>\n\n\n\n<p><strong>Oper<\/strong>:&nbsp;<a href=\"http:\/\/help.opera.com\/Windows\/11.50\/es-ES\/cookies.html\">http:\/\/help.opera.com\/Windows\/11.50\/es-ES\/cookies.html<\/a><\/p>\n\n\n\n<p>Wenn Sie nicht mehr von Google Analytics verfolgt werden m\u00f6chten, besuchen Sie bitte diese Seite:<\/p>\n\n\n\n<p><a href=\"http:\/\/tools.google.com\/dlpage\/gaoptout\">http:\/\/tools.google.com\/dlpage\/gaoptout<\/a><\/p>\n\n\n\n<p><strong>Mehr \u00fcber Cookies erfahren Sie hier<\/strong><\/p>\n\n\n\n<p>Unter dem folgenden Link erfahren Sie mehr \u00fcber verhaltensbezogene Online-Werbung und den Datenschutz im Internet:<\/p>\n\n\n\n<p><a href=\"http:\/\/www.youronlinechoices.com\/es\/\">http:\/\/www.youronlinechoices.com\/es\/<\/a><\/p>\n\n\n\n<p>Google Analytics-Datenschutz:<\/p>\n\n\n\n<p><a href=\"http:\/\/www.google.com\/analytics\/learn\/privacy.html\">http:\/\/www.google.com\/analytics\/learn\/privacy.html<\/a><\/p>\n\n\n\n<p>Wie Google Analytics Cookies verwendet:<\/p>\n\n\n\n<p><a href=\"https:\/\/developers.google.com\/analytics\/devguides\/collection\/analyticsjs\/cookie-usage?hl=es#analyticsjs\">https:\/\/developers.google.com\/analytics\/devguides\/collection\/analyticsjs\/cookie-usage?hl=es#analyticsjs<\/a><\/p>\n\n\n\n<h3 class=\"wp-block-heading\"><strong>AKTUALISIERUNGEN UND \u00c4NDERUNGEN DER DATENSCHUTZ-\/COOKIE-POLITIK<\/strong><\/h3>\n\n\n\n<p>Die Webseiten k\u00f6nnen diese Cookies-Politik in \u00dcbereinstimmung mit gesetzlichen oder beh\u00f6rdlichen Anforderungen oder zur Anpassung an die von der spanischen Datenschutzbeh\u00f6rde herausgegebenen Anweisungen \u00e4ndern, weshalb den Benutzern empfohlen wird, sie regelm\u00e4\u00dfig zu besuchen.<\/p>\n\n\n\n<p>Wenn wesentliche \u00c4nderungen an dieser Cookie-Richtlinie vorgenommen werden, werden diese den Benutzern entweder \u00fcber die Website oder per E-Mail an registrierte Benutzer mitgeteilt.<\/p>","protected":false},"excerpt":{"rendered":"<p>Diese Website verwendet Cookies von Dritten und eigene Cookies, um Ihnen ein besseres Surferlebnis zu bieten, um Inhalte in sozialen Netzwerken zu teilen und um Nutzerstatistiken zu erstellen. Sie k\u00f6nnen das Herunterladen von Cookies \u00fcber Ihre Browser-Einstellungen verhindern, indem Sie die Speicherung von Cookies in [...]<\/p>","protected":false},"author":1,"featured_media":0,"parent":0,"menu_order":0,"comment_status":"closed","ping_status":"closed","template":"","meta":{"site-sidebar-layout":"default","site-content-layout":"","ast-site-content-layout":"default","site-content-style":"default","site-sidebar-style":"default","ast-global-header-display":"","ast-banner-title-visibility":"","ast-main-header-display":"","ast-hfb-above-header-display":"","ast-hfb-below-header-display":"","ast-hfb-mobile-header-display":"","site-post-title":"","ast-breadcrumbs-content":"","ast-featured-img":"","footer-sml-layout":"","theme-transparent-header-meta":"","adv-header-id-meta":"","stick-header-meta":"","header-above-stick-meta":"","header-main-stick-meta":"","header-below-stick-meta":"","astra-migrate-meta-layouts":"set","ast-page-background-enabled":"default","ast-page-background-meta":{"desktop":{"background-color":"var(--ast-global-color-4)","background-image":"","background-repeat":"repeat","background-position":"center center","background-size":"auto","background-attachment":"scroll","background-type":"","background-media":"","overlay-type":"","overlay-color":"","overlay-gradient":""},"tablet":{"background-color":"","background-image":"","background-repeat":"repeat","background-position":"center center","background-size":"auto","background-attachment":"scroll","background-type":"","background-media":"","overlay-type":"","overlay-color":"","overlay-gradient":""},"mobile":{"background-color":"","background-image":"","background-repeat":"repeat","background-position":"center center","background-size":"auto","background-attachment":"scroll","background-type":"","background-media":"","overlay-type":"","overlay-color":"","overlay-gradient":""}},"ast-content-background-meta":{"desktop":{"background-color":"var(--ast-global-color-5)","background-image":"","background-repeat":"repeat","background-position":"center center","background-size":"auto","background-attachment":"scroll","background-type":"","background-media":"","overlay-type":"","overlay-color":"","overlay-gradient":""},"tablet":{"background-color":"var(--ast-global-color-5)","background-image":"","background-repeat":"repeat","background-position":"center center","background-size":"auto","background-attachment":"scroll","background-type":"","background-media":"","overlay-type":"","overlay-color":"","overlay-gradient":""},"mobile":{"background-color":"var(--ast-global-color-5)","background-image":"","background-repeat":"repeat","background-position":"center center","background-size":"auto","background-attachment":"scroll","background-type":"","background-media":"","overlay-type":"","overlay-color":"","overlay-gradient":""}},"footnotes":"","_joinchat":[]},"yoast_head":"<!-- This site is optimized with the Yoast SEO plugin v22.3 - https:\/\/yoast.com\/wordpress\/plugins\/seo\/ -->\n<title>Pol\u00edtica de cookies - Essence Massage<\/title>\n<meta name=\"robots\" content=\"noindex, nofollow\" \/>\n<meta property=\"og:locale\" content=\"de_DE\" \/>\n<meta property=\"og:type\" content=\"article\" \/>\n<meta property=\"og:title\" content=\"Pol\u00edtica de cookies - Essence Massage\" \/>\n<meta property=\"og:description\" content=\"En esta web se utilizan cookies de terceros y propias para conseguir que tengas una mejor experiencia de navegaci\u00f3n, puedas compartir contenido en redes sociales y para que podamos obtener estad\u00edsticas de los usuarios. Puedes evitar la descarga de cookies a trav\u00e9s de la configuraci\u00f3n de tu navegador, evitando que las cookies se almacenen en [&hellip;]\" \/>\n<meta property=\"og:url\" content=\"https:\/\/essencemassage.es\/de\/politica-de-cookies\/\" \/>\n<meta property=\"og:site_name\" content=\"Essence Massage\" \/>\n<meta property=\"article:modified_time\" content=\"2024-02-21T14:36:58+00:00\" \/>\n<meta name=\"twitter:card\" content=\"summary_large_image\" \/>\n<meta name=\"twitter:label1\" content=\"Gesch\u00e4tzte Lesezeit\" \/>\n\t<meta name=\"twitter:data1\" content=\"7\u00a0Minuten\" \/>\n<script type=\"application\/ld+json\" class=\"yoast-schema-graph\">{\"@context\":\"https:\/\/schema.org\",\"@graph\":[{\"@type\":\"WebPage\",\"@id\":\"https:\/\/essencemassage.es\/politica-de-cookies\/\",\"url\":\"https:\/\/essencemassage.es\/politica-de-cookies\/\",\"name\":\"Pol\u00edtica de cookies - Essence Massage\",\"isPartOf\":{\"@id\":\"https:\/\/essencemassage.es\/#website\"},\"datePublished\":\"2024-02-21T14:36:57+00:00\",\"dateModified\":\"2024-02-21T14:36:58+00:00\",\"breadcrumb\":{\"@id\":\"https:\/\/essencemassage.es\/politica-de-cookies\/#breadcrumb\"},\"inLanguage\":\"de\",\"potentialAction\":[{\"@type\":\"ReadAction\",\"target\":[\"https:\/\/essencemassage.es\/politica-de-cookies\/\"]}]},{\"@type\":\"BreadcrumbList\",\"@id\":\"https:\/\/essencemassage.es\/politica-de-cookies\/#breadcrumb\",\"itemListElement\":[{\"@type\":\"ListItem\",\"position\":1,\"name\":\"Portada\",\"item\":\"https:\/\/essencemassage.es\/\"},{\"@type\":\"ListItem\",\"position\":2,\"name\":\"Pol\u00edtica de cookies\"}]},{\"@type\":\"WebSite\",\"@id\":\"https:\/\/essencemassage.es\/#website\",\"url\":\"https:\/\/essencemassage.es\/\",\"name\":\"Essence Massage\",\"description\":\"Lotus Spa Template\",\"publisher\":{\"@id\":\"https:\/\/essencemassage.es\/#organization\"},\"potentialAction\":[{\"@type\":\"SearchAction\",\"target\":{\"@type\":\"EntryPoint\",\"urlTemplate\":\"https:\/\/essencemassage.es\/?s={search_term_string}\"},\"query-input\":\"required name=search_term_string\"}],\"inLanguage\":\"de\"},{\"@type\":\"Organization\",\"@id\":\"https:\/\/essencemassage.es\/#organization\",\"name\":\"Essence Massage\",\"url\":\"https:\/\/essencemassage.es\/\",\"logo\":{\"@type\":\"ImageObject\",\"inLanguage\":\"de\",\"@id\":\"https:\/\/essencemassage.es\/#\/schema\/logo\/image\/\",\"url\":\"https:\/\/essencemassage.es\/wp-content\/uploads\/2024\/02\/cropped-Diseno-sin-titulo-41.png\",\"contentUrl\":\"https:\/\/essencemassage.es\/wp-content\/uploads\/2024\/02\/cropped-Diseno-sin-titulo-41.png\",\"width\":411,\"height\":308,\"caption\":\"Essence Massage\"},\"image\":{\"@id\":\"https:\/\/essencemassage.es\/#\/schema\/logo\/image\/\"}}]}<\/script>\n<!-- \/ Yoast SEO plugin. -->","yoast_head_json":{"title":"Pol\u00edtica de cookies - Essence Massage","robots":{"index":"noindex","follow":"nofollow"},"og_locale":"de_DE","og_type":"article","og_title":"Pol\u00edtica de cookies - Essence Massage","og_description":"En esta web se utilizan cookies de terceros y propias para conseguir que tengas una mejor experiencia de navegaci\u00f3n, puedas compartir contenido en redes sociales y para que podamos obtener estad\u00edsticas de los usuarios. Puedes evitar la descarga de cookies a trav\u00e9s de la configuraci\u00f3n de tu navegador, evitando que las cookies se almacenen en [&hellip;]","og_url":"https:\/\/essencemassage.es\/de\/politica-de-cookies\/","og_site_name":"Essence Massage","article_modified_time":"2024-02-21T14:36:58+00:00","twitter_card":"summary_large_image","twitter_misc":{"Gesch\u00e4tzte Lesezeit":"7\u00a0Minuten"},"schema":{"@context":"https:\/\/schema.org","@graph":[{"@type":"WebPage","@id":"https:\/\/essencemassage.es\/politica-de-cookies\/","url":"https:\/\/essencemassage.es\/politica-de-cookies\/","name":"Pol\u00edtica de cookies - Essence Massage","isPartOf":{"@id":"https:\/\/essencemassage.es\/#website"},"datePublished":"2024-02-21T14:36:57+00:00","dateModified":"2024-02-21T14:36:58+00:00","breadcrumb":{"@id":"https:\/\/essencemassage.es\/politica-de-cookies\/#breadcrumb"},"inLanguage":"de","potentialAction":[{"@type":"ReadAction","target":["https:\/\/essencemassage.es\/politica-de-cookies\/"]}]},{"@type":"BreadcrumbList","@id":"https:\/\/essencemassage.es\/politica-de-cookies\/#breadcrumb","itemListElement":[{"@type":"ListItem","position":1,"name":"Portada","item":"https:\/\/essencemassage.es\/"},{"@type":"ListItem","position":2,"name":"Pol\u00edtica de cookies"}]},{"@type":"WebSite","@id":"https:\/\/essencemassage.es\/#website","url":"https:\/\/essencemassage.es\/","name":"Essence Massage","description":"Lotus Spa Template","publisher":{"@id":"https:\/\/essencemassage.es\/#organization"},"potentialAction":[{"@type":"SearchAction","target":{"@type":"EntryPoint","urlTemplate":"https:\/\/essencemassage.es\/?s={search_term_string}"},"query-input":"required name=search_term_string"}],"inLanguage":"de"},{"@type":"Organization","@id":"https:\/\/essencemassage.es\/#organization","name":"Essence Massage","url":"https:\/\/essencemassage.es\/","logo":{"@type":"ImageObject","inLanguage":"de","@id":"https:\/\/essencemassage.es\/#\/schema\/logo\/image\/","url":"https:\/\/essencemassage.es\/wp-content\/uploads\/2024\/02\/cropped-Diseno-sin-titulo-41.png","contentUrl":"https:\/\/essencemassage.es\/wp-content\/uploads\/2024\/02\/cropped-Diseno-sin-titulo-41.png","width":411,"height":308,"caption":"Essence Massage"},"image":{"@id":"https:\/\/essencemassage.es\/#\/schema\/logo\/image\/"}}]}},"_links":{"self":[{"href":"https:\/\/essencemassage.es\/de\/wp-json\/wp\/v2\/pages\/1111"}],"collection":[{"href":"https:\/\/essencemassage.es\/de\/wp-json\/wp\/v2\/pages"}],"about":[{"href":"https:\/\/essencemassage.es\/de\/wp-json\/wp\/v2\/types\/page"}],"author":[{"embeddable":true,"href":"https:\/\/essencemassage.es\/de\/wp-json\/wp\/v2\/users\/1"}],"replies":[{"embeddable":true,"href":"https:\/\/essencemassage.es\/de\/wp-json\/wp\/v2\/comments?post=1111"}],"version-history":[{"count":2,"href":"https:\/\/essencemassage.es\/de\/wp-json\/wp\/v2\/pages\/1111\/revisions"}],"predecessor-version":[{"id":1115,"href":"https:\/\/essencemassage.es\/de\/wp-json\/wp\/v2\/pages\/1111\/revisions\/1115"}],"wp:attachment":[{"href":"https:\/\/essencemassage.es\/de\/wp-json\/wp\/v2\/media?parent=1111"}],"curies":[{"name":"wp","href":"https:\/\/api.w.org\/{rel}","templated":true}]}}