{"id":1110,"date":"2024-02-21T15:36:29","date_gmt":"2024-02-21T14:36:29","guid":{"rendered":"https:\/\/essencemassage.fidiaspro.com\/?page_id=1110"},"modified":"2024-02-21T15:36:30","modified_gmt":"2024-02-21T14:36:30","slug":"aviso-legal","status":"publish","type":"page","link":"https:\/\/essencemassage.es\/de\/aviso-legal\/","title":{"rendered":"Rechtlicher Hinweis"},"content":{"rendered":"<h4 class=\"wp-block-heading\">I. ALLGEMEINE INFORMATIONEN<\/h4>\n\n\n\n<p>In Erf\u00fcllung der Informationspflicht gem\u00e4\u00df dem Gesetz 34\/2002 \u00fcber die Dienste der Informationsgesellschaft und den elektronischen Gesch\u00e4ftsverkehr (LSSI-CE) vom 11. Juli werden im Folgenden die allgemeinen Informationen zu dieser Website gegeben:<\/p>\n\n\n\n<p>Eigentumsrechte an dieser Website <strong>https:\/\/www.essencemassage.es\/<\/strong>(nachstehend \"Website\") ist im Besitz von Josefa S\u00e1nchez Tostado mit der NIF: 25993540K, deren Kontaktdaten lauten:<\/p>\n\n\n\n<p><a>Adresse:&nbsp;<strong>Apt. Tenegu\u00eda, Avda. Tirajana 13, Playa del Ingl\u00e9s, Gran Canaria<\/strong><\/a><\/p>\n\n\n\n<p>Telefonnummer der Kontaktperson:&nbsp;<strong>699166300<\/strong><\/p>\n\n\n\n<p>E-Mail-Kontakt:&nbsp;<strong>info@essencemassage.es<\/strong><\/p>\n\n\n\n<h3 class=\"wp-block-heading\">II. ALLGEMEINE NUTZUNGSBEDINGUNGEN<\/h3>\n\n\n\n<h4 class=\"wp-block-heading\">DER ZWECK DER BEDINGUNGEN: DIE WEBSITE<\/h4>\n\n\n\n<p>Zweck der vorliegenden Allgemeinen Nutzungsbedingungen (im Folgenden Bedingungen) ist es, den Zugang zu und die Nutzung der Website zu regeln. Im Sinne dieser Bedingungen sind unter der Website zu verstehen: das \u00e4u\u00dfere Erscheinungsbild der statischen und dynamischen Bildschirmoberfl\u00e4chen, d. h. der Navigationsbaum, und alle Elemente, die sowohl in die Bildschirmoberfl\u00e4chen als auch in den Navigationsbaum integriert sind (im Folgenden \"Inhalte\"), sowie alle Online-Dienste oder Ressourcen, die den Nutzern angeboten werden k\u00f6nnen (im Folgenden \"Dienste\").<\/p>\n\n\n\n<p>Sie beh\u00e4lt sich das Recht vor, jederzeit und ohne Vorank\u00fcndigung die Pr\u00e4sentation und Konfiguration der Website sowie die darin enthaltenen Inhalte und Dienstleistungen zu \u00e4ndern. Der Nutzer erkennt an und akzeptiert, dass er jederzeit jedes dieser Elemente der Website oder den Zugang zu ihnen unterbrechen, deaktivieren und\/oder l\u00f6schen kann.<\/p>\n\n\n\n<h4 class=\"wp-block-heading\">DER BENUTZER<\/h4>\n\n\n\n<p>Der Zugriff auf die Website, das Surfen und die Nutzung der Website verleihen dem Nutzer die Eigenschaft eines Benutzers. Daher akzeptiert der Nutzer von dem Moment an, in dem er die Website aufruft, alle hier festgelegten Bedingungen sowie alle sp\u00e4teren \u00c4nderungen, unbeschadet der Anwendung der entsprechenden gesetzlichen Bestimmungen, die in jedem Fall eingehalten werden m\u00fcssen. In Anbetracht der Relevanz des Vorstehenden wird dem Nutzer empfohlen, sie bei jedem Besuch der Website zu lesen.<\/p>\n\n\n\n<p>Die Website bietet ein breites Spektrum an Informationen, Dienstleistungen und Daten. Der Nutzer \u00fcbernimmt die Verantwortung f\u00fcr die korrekte Nutzung der Website. Diese Verantwortung erstreckt sich auf:<\/p>\n\n\n\n<p>Jegliche Nutzung der auf der Website angebotenen Informationen, Inhalte und\/oder Dienstleistungen und Daten, die gegen die Bestimmungen der vorliegenden Bedingungen, das Gesetz, die guten Sitten oder die \u00f6ffentliche Ordnung verst\u00f6\u00dft oder in sonstiger Weise die Rechte Dritter oder das Funktionieren der Website beeintr\u00e4chtigen kann.<\/p>\n\n\n\n<p>Die Richtigkeit und Rechtm\u00e4\u00dfigkeit der Informationen, die der Nutzer in den Formularen f\u00fcr den Zugang zu bestimmten Inhalten oder Dienstleistungen der Website angibt. In jedem Fall ist der Nutzer verpflichtet, jeden Umstand, der eine missbr\u00e4uchliche Verwendung der in den genannten Formularen eingetragenen Informationen erm\u00f6glicht, wie z. B. Diebstahl, Verlust oder unbefugter Zugriff auf Kennungen und\/oder Passw\u00f6rter, unverz\u00fcglich zu melden, um deren sofortige L\u00f6schung zu veranlassen.<\/p>\n\n\n\n<p>Der blo\u00dfe Zugriff auf diese Website bedeutet nicht, dass irgendeine Art von Gesch\u00e4ftsbeziehung zwischen der Website und dem Nutzer entsteht.<\/p>\n\n\n\n<h3 class=\"wp-block-heading\">III. ZUGANG UND NAVIGATION AUF DER WEBSITE:<strong> <\/strong>AUSSCHLUSS VON GEW\u00c4HRLEISTUNG UND HAFTUNG<\/h3>\n\n\n\n<p>Die Website \u00fcbernimmt keine Garantie f\u00fcr die Kontinuit\u00e4t, Verf\u00fcgbarkeit oder N\u00fctzlichkeit der Website, des Inhalts oder der Dienste. Sie unternimmt alle Anstrengungen, um den reibungslosen Betrieb der Website zu gew\u00e4hrleisten, gibt jedoch keine Zusicherung oder Garantie, dass der Zugriff auf die Website ununterbrochen oder fehlerfrei sein wird.<\/p>\n\n\n\n<p>Sie \u00fcbernimmt auch keine Verantwortung oder Garantie daf\u00fcr, dass die Inhalte oder die Software, auf die \u00fcber diese Website zugegriffen werden kann, fehlerfrei sind oder Sch\u00e4den am Computersystem (Software und Hardware) des Nutzers verursachen. Sie haftet unter keinen Umst\u00e4nden f\u00fcr Verluste, Sch\u00e4den oder Beeintr\u00e4chtigungen jeglicher Art, die sich aus dem Zugriff auf die Website, dem Durchsuchen und der Nutzung der Website ergeben, einschlie\u00dflich, aber nicht beschr\u00e4nkt auf Sch\u00e4den an Computersystemen oder solche, die durch die Einf\u00fchrung von Viren verursacht werden.<\/p>\n\n\n\n<p>Die Website haftet auch nicht f\u00fcr Sch\u00e4den, die durch die Nutzung der Website entstehen oder verursacht werden k\u00f6nnen.<a href=\"mailto:info@essencemassage.es\">mailto:info@essencemassage.es<\/a>Das Unternehmen haftet gegen\u00fcber den Nutzern nicht f\u00fcr eine unsachgem\u00e4\u00dfe Nutzung dieser Website. Insbesondere haftet es in keiner Weise f\u00fcr eventuelle Ausf\u00e4lle, Unterbrechungen, Fehler oder M\u00e4ngel in der Telekommunikation.<\/p>\n\n\n\n<h3 class=\"wp-block-heading\">IV. KOPPLUNGSPOLITIK<\/h3>\n\n\n\n<p>Die Website bietet die auf diesen verlinkten Websites verf\u00fcgbaren Produkte und\/oder Dienstleistungen weder selbst noch \u00fcber Dritte an oder vermarktet sie.<\/p>\n\n\n\n<p>Der Nutzer oder ein Dritter, der einen Hyperlink von einer anderen Website auf die Website setzt, muss sich bewusst sein, dass:<\/p>\n\n\n\n<p>Die Reproduktion - ganz oder teilweise - von Inhalten und\/oder Diensten der Website <a>Website <\/a>ohne die ausdr\u00fcckliche Genehmigung der Website<\/p>\n\n\n\n<p>Falsche, ungenaue oder unrichtige Aussagen \u00fcber die Website, ihre Inhalte und\/oder Dienste sind nicht gestattet.<\/p>\n\n\n\n<p>Mit Ausnahme des Hyperlinks darf die Website, auf der der Hyperlink eingerichtet ist, keine Elemente dieser Website enthalten, die nach spanischem Recht als geistiges Eigentum gesch\u00fctzt sind, es sei denn, dies wird von der Website ausdr\u00fccklich genehmigt.<\/p>\n\n\n\n<p>Die Einrichtung des Hyperlinks impliziert weder das Bestehen einer Beziehung zwischen dem Eigent\u00fcmer der Website, von der er ausgeht, noch die Kenntnis und Akzeptanz der auf der besagten Website angebotenen Inhalte, Dienstleistungen und\/oder Aktivit\u00e4ten und vice versa.<\/p>\n\n\n\n<h3 class=\"wp-block-heading\">V. GEISTIGES UND GEWERBLICHES EIGENTUM<\/h3>\n\n\n\n<p>Sie ist selbst oder als Rechtsnachfolgerin Eigent\u00fcmerin aller geistigen und gewerblichen Eigentumsrechte an der Website sowie an den darin enthaltenen Elementen (einschlie\u00dflich, aber nicht beschr\u00e4nkt auf Bilder, Ton, Audio, Video, Software oder Texte, Marken oder Logos, Farbkombinationen, Struktur und Design, Auswahl der verwendeten Materialien, Computerprogramme, die f\u00fcr ihren Betrieb, Zugang und ihre Nutzung erforderlich sind, usw.). Es handelt sich also um Werke, die als geistiges Eigentum durch das spanische Rechtssystem gesch\u00fctzt sind, da auf sie sowohl die spanischen und gemeinschaftlichen Vorschriften in diesem Bereich als auch die von Spanien unterzeichneten internationalen Vertr\u00e4ge in diesem Bereich anwendbar sind.<\/p>\n\n\n\n<p>Alle Rechte vorbehalten. Gem\u00e4\u00df den Bestimmungen des Gesetzes zum Schutz des geistigen Eigentums sind die Vervielf\u00e4ltigung, die Verbreitung und die \u00f6ffentliche Wiedergabe, einschlie\u00dflich der Zug\u00e4nglichmachung, des gesamten oder eines Teils des Inhalts dieser Website zu kommerziellen Zwecken auf jedem Medium und mit jedem technischen Mittel ohne die Genehmigung der Europ\u00e4ischen Kommission ausdr\u00fccklich verboten.&nbsp;<a>Website<\/a>.<\/p>\n\n\n\n<p>Der Nutzer verpflichtet sich, die geistigen und gewerblichen Eigentumsrechte der Website zu respektieren. Der Nutzer darf die Elemente der Website ansehen oder sogar ausdrucken, kopieren und auf der Festplatte seines Computers oder auf einem anderen physischen Medium speichern, sofern dies ausschlie\u00dflich f\u00fcr seinen pers\u00f6nlichen Gebrauch geschieht. Der Nutzer darf jedoch keine auf der Website installierten Schutzvorrichtungen oder Sicherheitssysteme entfernen, ver\u00e4ndern oder manipulieren.<\/p>\n\n\n\n<p>Sollte der Nutzer oder ein Dritter der Ansicht sein, dass einer der Inhalte der Website eine Verletzung der Rechte zum Schutz des geistigen Eigentums darstellt, muss er dies unverz\u00fcglich \u00fcber die Kontaktdaten im Abschnitt ALLGEMEINE INFORMATIONEN der vorliegenden rechtlichen Hinweise und allgemeinen Nutzungsbedingungen mitteilen.<\/p>\n\n\n\n<h3 class=\"wp-block-heading\">VI. GERICHTSVERFAHREN, ANWENDBARES RECHT UND GERICHTSBARKEIT<\/h3>\n\n\n\n<p>Sie beh\u00e4lt sich das Recht vor, alle zivil- oder strafrechtlichen Schritte einzuleiten, die sie f\u00fcr eine missbr\u00e4uchliche Nutzung der Website und ihrer Inhalte oder f\u00fcr einen Versto\u00df gegen die vorliegenden Bedingungen f\u00fcr erforderlich h\u00e4lt.<\/p>\n\n\n\n<p>Die Beziehung zwischen dem Nutzer und dem Anbieter unterliegt den geltenden und auf spanischem Gebiet anwendbaren Vorschriften. Im Falle von Streitigkeiten in Bezug auf die Auslegung und\/oder Anwendung der vorliegenden Bedingungen unterwerfen sich die Parteien der ordentlichen Gerichtsbarkeit, indem sie sich den Richtern und Gerichten unterwerfen, die nach dem Gesetz zust\u00e4ndig sind.<\/p>","protected":false},"excerpt":{"rendered":"<p>I. ALLGEMEINE INFORMATIONEN In Erf\u00fcllung der Informationspflicht gem\u00e4\u00df dem Gesetz 34\/2002 \u00fcber die Dienste der Informationsgesellschaft und den elektronischen Handel (LSSI-CE) vom 11. Juli werden im Folgenden allgemeine Informationen zu dieser Website gegeben: Das Eigentum an dieser Website https:\/\/www.essencemassage.es\/, (im Folgenden [....] genannt)<\/p>","protected":false},"author":1,"featured_media":0,"parent":0,"menu_order":0,"comment_status":"closed","ping_status":"closed","template":"","meta":{"site-sidebar-layout":"default","site-content-layout":"","ast-site-content-layout":"default","site-content-style":"default","site-sidebar-style":"default","ast-global-header-display":"","ast-banner-title-visibility":"","ast-main-header-display":"","ast-hfb-above-header-display":"","ast-hfb-below-header-display":"","ast-hfb-mobile-header-display":"","site-post-title":"","ast-breadcrumbs-content":"","ast-featured-img":"","footer-sml-layout":"","theme-transparent-header-meta":"","adv-header-id-meta":"","stick-header-meta":"","header-above-stick-meta":"","header-main-stick-meta":"","header-below-stick-meta":"","astra-migrate-meta-layouts":"set","ast-page-background-enabled":"default","ast-page-background-meta":{"desktop":{"background-color":"var(--ast-global-color-4)","background-image":"","background-repeat":"repeat","background-position":"center center","background-size":"auto","background-attachment":"scroll","background-type":"","background-media":"","overlay-type":"","overlay-color":"","overlay-gradient":""},"tablet":{"background-color":"","background-image":"","background-repeat":"repeat","background-position":"center center","background-size":"auto","background-attachment":"scroll","background-type":"","background-media":"","overlay-type":"","overlay-color":"","overlay-gradient":""},"mobile":{"background-color":"","background-image":"","background-repeat":"repeat","background-position":"center center","background-size":"auto","background-attachment":"scroll","background-type":"","background-media":"","overlay-type":"","overlay-color":"","overlay-gradient":""}},"ast-content-background-meta":{"desktop":{"background-color":"var(--ast-global-color-5)","background-image":"","background-repeat":"repeat","background-position":"center center","background-size":"auto","background-attachment":"scroll","background-type":"","background-media":"","overlay-type":"","overlay-color":"","overlay-gradient":""},"tablet":{"background-color":"var(--ast-global-color-5)","background-image":"","background-repeat":"repeat","background-position":"center center","background-size":"auto","background-attachment":"scroll","background-type":"","background-media":"","overlay-type":"","overlay-color":"","overlay-gradient":""},"mobile":{"background-color":"var(--ast-global-color-5)","background-image":"","background-repeat":"repeat","background-position":"center center","background-size":"auto","background-attachment":"scroll","background-type":"","background-media":"","overlay-type":"","overlay-color":"","overlay-gradient":""}},"footnotes":"","_joinchat":[]},"yoast_head":"<!-- This site is optimized with the Yoast SEO plugin v22.3 - https:\/\/yoast.com\/wordpress\/plugins\/seo\/ -->\n<title>Aviso legal - Essence Massage<\/title>\n<meta name=\"robots\" content=\"noindex, nofollow\" \/>\n<meta property=\"og:locale\" content=\"de_DE\" \/>\n<meta property=\"og:type\" content=\"article\" \/>\n<meta property=\"og:title\" content=\"Aviso legal - Essence Massage\" \/>\n<meta property=\"og:description\" content=\"I. INFORMACI\u00d3N GENERAL En cumplimiento con el deber de informaci\u00f3n dispuesto en la Ley 34\/2002 de Servicios de la Sociedad de la Informaci\u00f3n y el Comercio Electr\u00f3nico (LSSI-CE) de 11 de julio, se facilitan a continuaci\u00f3n los siguientes datos de informaci\u00f3n general de este sitio web: La titularidad de este sitio web https:\/\/www.essencemassage.es\/, (en adelante, [&hellip;]\" \/>\n<meta property=\"og:url\" content=\"https:\/\/essencemassage.es\/de\/aviso-legal\/\" \/>\n<meta property=\"og:site_name\" content=\"Essence Massage\" \/>\n<meta property=\"article:modified_time\" content=\"2024-02-21T14:36:30+00:00\" \/>\n<meta name=\"twitter:card\" content=\"summary_large_image\" \/>\n<meta name=\"twitter:label1\" content=\"Gesch\u00e4tzte Lesezeit\" \/>\n\t<meta name=\"twitter:data1\" content=\"6\u00a0Minuten\" \/>\n<script type=\"application\/ld+json\" class=\"yoast-schema-graph\">{\"@context\":\"https:\/\/schema.org\",\"@graph\":[{\"@type\":\"WebPage\",\"@id\":\"https:\/\/essencemassage.es\/aviso-legal\/\",\"url\":\"https:\/\/essencemassage.es\/aviso-legal\/\",\"name\":\"Aviso legal - Essence Massage\",\"isPartOf\":{\"@id\":\"https:\/\/essencemassage.es\/#website\"},\"datePublished\":\"2024-02-21T14:36:29+00:00\",\"dateModified\":\"2024-02-21T14:36:30+00:00\",\"breadcrumb\":{\"@id\":\"https:\/\/essencemassage.es\/aviso-legal\/#breadcrumb\"},\"inLanguage\":\"de\",\"potentialAction\":[{\"@type\":\"ReadAction\",\"target\":[\"https:\/\/essencemassage.es\/aviso-legal\/\"]}]},{\"@type\":\"BreadcrumbList\",\"@id\":\"https:\/\/essencemassage.es\/aviso-legal\/#breadcrumb\",\"itemListElement\":[{\"@type\":\"ListItem\",\"position\":1,\"name\":\"Portada\",\"item\":\"https:\/\/essencemassage.es\/\"},{\"@type\":\"ListItem\",\"position\":2,\"name\":\"Aviso legal\"}]},{\"@type\":\"WebSite\",\"@id\":\"https:\/\/essencemassage.es\/#website\",\"url\":\"https:\/\/essencemassage.es\/\",\"name\":\"Essence Massage\",\"description\":\"Lotus Spa Template\",\"publisher\":{\"@id\":\"https:\/\/essencemassage.es\/#organization\"},\"potentialAction\":[{\"@type\":\"SearchAction\",\"target\":{\"@type\":\"EntryPoint\",\"urlTemplate\":\"https:\/\/essencemassage.es\/?s={search_term_string}\"},\"query-input\":\"required name=search_term_string\"}],\"inLanguage\":\"de\"},{\"@type\":\"Organization\",\"@id\":\"https:\/\/essencemassage.es\/#organization\",\"name\":\"Essence Massage\",\"url\":\"https:\/\/essencemassage.es\/\",\"logo\":{\"@type\":\"ImageObject\",\"inLanguage\":\"de\",\"@id\":\"https:\/\/essencemassage.es\/#\/schema\/logo\/image\/\",\"url\":\"https:\/\/essencemassage.es\/wp-content\/uploads\/2024\/02\/cropped-Diseno-sin-titulo-41.png\",\"contentUrl\":\"https:\/\/essencemassage.es\/wp-content\/uploads\/2024\/02\/cropped-Diseno-sin-titulo-41.png\",\"width\":411,\"height\":308,\"caption\":\"Essence Massage\"},\"image\":{\"@id\":\"https:\/\/essencemassage.es\/#\/schema\/logo\/image\/\"}}]}<\/script>\n<!-- \/ Yoast SEO plugin. -->","yoast_head_json":{"title":"Aviso legal - Essence Massage","robots":{"index":"noindex","follow":"nofollow"},"og_locale":"de_DE","og_type":"article","og_title":"Aviso legal - Essence Massage","og_description":"I. INFORMACI\u00d3N GENERAL En cumplimiento con el deber de informaci\u00f3n dispuesto en la Ley 34\/2002 de Servicios de la Sociedad de la Informaci\u00f3n y el Comercio Electr\u00f3nico (LSSI-CE) de 11 de julio, se facilitan a continuaci\u00f3n los siguientes datos de informaci\u00f3n general de este sitio web: La titularidad de este sitio web https:\/\/www.essencemassage.es\/, (en adelante, [&hellip;]","og_url":"https:\/\/essencemassage.es\/de\/aviso-legal\/","og_site_name":"Essence Massage","article_modified_time":"2024-02-21T14:36:30+00:00","twitter_card":"summary_large_image","twitter_misc":{"Gesch\u00e4tzte Lesezeit":"6\u00a0Minuten"},"schema":{"@context":"https:\/\/schema.org","@graph":[{"@type":"WebPage","@id":"https:\/\/essencemassage.es\/aviso-legal\/","url":"https:\/\/essencemassage.es\/aviso-legal\/","name":"Aviso legal - Essence Massage","isPartOf":{"@id":"https:\/\/essencemassage.es\/#website"},"datePublished":"2024-02-21T14:36:29+00:00","dateModified":"2024-02-21T14:36:30+00:00","breadcrumb":{"@id":"https:\/\/essencemassage.es\/aviso-legal\/#breadcrumb"},"inLanguage":"de","potentialAction":[{"@type":"ReadAction","target":["https:\/\/essencemassage.es\/aviso-legal\/"]}]},{"@type":"BreadcrumbList","@id":"https:\/\/essencemassage.es\/aviso-legal\/#breadcrumb","itemListElement":[{"@type":"ListItem","position":1,"name":"Portada","item":"https:\/\/essencemassage.es\/"},{"@type":"ListItem","position":2,"name":"Aviso legal"}]},{"@type":"WebSite","@id":"https:\/\/essencemassage.es\/#website","url":"https:\/\/essencemassage.es\/","name":"Essence Massage","description":"Lotus Spa Template","publisher":{"@id":"https:\/\/essencemassage.es\/#organization"},"potentialAction":[{"@type":"SearchAction","target":{"@type":"EntryPoint","urlTemplate":"https:\/\/essencemassage.es\/?s={search_term_string}"},"query-input":"required name=search_term_string"}],"inLanguage":"de"},{"@type":"Organization","@id":"https:\/\/essencemassage.es\/#organization","name":"Essence Massage","url":"https:\/\/essencemassage.es\/","logo":{"@type":"ImageObject","inLanguage":"de","@id":"https:\/\/essencemassage.es\/#\/schema\/logo\/image\/","url":"https:\/\/essencemassage.es\/wp-content\/uploads\/2024\/02\/cropped-Diseno-sin-titulo-41.png","contentUrl":"https:\/\/essencemassage.es\/wp-content\/uploads\/2024\/02\/cropped-Diseno-sin-titulo-41.png","width":411,"height":308,"caption":"Essence Massage"},"image":{"@id":"https:\/\/essencemassage.es\/#\/schema\/logo\/image\/"}}]}},"_links":{"self":[{"href":"https:\/\/essencemassage.es\/de\/wp-json\/wp\/v2\/pages\/1110"}],"collection":[{"href":"https:\/\/essencemassage.es\/de\/wp-json\/wp\/v2\/pages"}],"about":[{"href":"https:\/\/essencemassage.es\/de\/wp-json\/wp\/v2\/types\/page"}],"author":[{"embeddable":true,"href":"https:\/\/essencemassage.es\/de\/wp-json\/wp\/v2\/users\/1"}],"replies":[{"embeddable":true,"href":"https:\/\/essencemassage.es\/de\/wp-json\/wp\/v2\/comments?post=1110"}],"version-history":[{"count":2,"href":"https:\/\/essencemassage.es\/de\/wp-json\/wp\/v2\/pages\/1110\/revisions"}],"predecessor-version":[{"id":1113,"href":"https:\/\/essencemassage.es\/de\/wp-json\/wp\/v2\/pages\/1110\/revisions\/1113"}],"wp:attachment":[{"href":"https:\/\/essencemassage.es\/de\/wp-json\/wp\/v2\/media?parent=1110"}],"curies":[{"name":"wp","href":"https:\/\/api.w.org\/{rel}","templated":true}]}}